{"id":661,"date":"2023-11-27T14:17:19","date_gmt":"2023-11-27T13:17:19","guid":{"rendered":"https:\/\/le-chainous.fr\/?page_id=661"},"modified":"2024-01-05T17:15:42","modified_gmt":"2024-01-05T16:15:42","slug":"confirmation","status":"publish","type":"page","link":"https:\/\/le-chainous.fr\/index.php\/confirmation\/","title":{"rendered":"CONFIRMATION"},"content":{"rendered":"\t\t<div data-elementor-type=\"wp-page\" data-elementor-id=\"661\" class=\"elementor elementor-661\">\n\t\t\t\t<div class=\"elementor-element elementor-element-6a6ebd3 e-flex e-con-boxed e-con e-parent\" data-id=\"6a6ebd3\" data-element_type=\"container\" data-e-type=\"container\">\n\t\t\t\t\t<div class=\"e-con-inner\">\n\t\t\t\t<div class=\"elementor-element elementor-element-6164d88 elementor-widget elementor-widget-heading\" data-id=\"6164d88\" data-element_type=\"widget\" data-e-type=\"widget\" data-widget_type=\"heading.default\">\n\t\t\t\t<div class=\"elementor-widget-container\">\n\t\t\t\t\t<h2 class=\"elementor-heading-title elementor-size-default\">Votre demande de devis \u00e0 bien \u00e9t\u00e9 prise en compte. Vous recevrez une r\u00e9ponse par mail rapidement.<br><\/h2>\t\t\t\t<\/div>\n\t\t\t\t<\/div>\n\t\t\t\t\t<\/div>\n\t\t\t\t<\/div>\n\t\t\t\t<\/div>\n\t\t","protected":false},"excerpt":{"rendered":"<p>Votre demande de devis \u00e0 bien \u00e9t\u00e9 prise en compte. Vous recevrez une r\u00e9ponse par mail rapidement.<\/p>\n","protected":false},"author":1,"featured_media":0,"parent":0,"menu_order":0,"comment_status":"closed","ping_status":"closed","template":"","meta":{"footnotes":""},"class_list":["post-661","page","type-page","status-publish","hentry"],"_links":{"self":[{"href":"https:\/\/le-chainous.fr\/index.php\/wp-json\/wp\/v2\/pages\/661","targetHints":{"allow":["GET"]}}],"collection":[{"href":"https:\/\/le-chainous.fr\/index.php\/wp-json\/wp\/v2\/pages"}],"about":[{"href":"https:\/\/le-chainous.fr\/index.php\/wp-json\/wp\/v2\/types\/page"}],"author":[{"embeddable":true,"href":"https:\/\/le-chainous.fr\/index.php\/wp-json\/wp\/v2\/users\/1"}],"replies":[{"embeddable":true,"href":"https:\/\/le-chainous.fr\/index.php\/wp-json\/wp\/v2\/comments?post=661"}],"version-history":[{"count":7,"href":"https:\/\/le-chainous.fr\/index.php\/wp-json\/wp\/v2\/pages\/661\/revisions"}],"predecessor-version":[{"id":668,"href":"https:\/\/le-chainous.fr\/index.php\/wp-json\/wp\/v2\/pages\/661\/revisions\/668"}],"wp:attachment":[{"href":"https:\/\/le-chainous.fr\/index.php\/wp-json\/wp\/v2\/media?parent=661"}],"curies":[{"name":"wp","href":"https:\/\/api.w.org\/{rel}","templated":true}]}}