{"id":627,"date":"2023-11-27T13:07:55","date_gmt":"2023-11-27T12:07:55","guid":{"rendered":"https:\/\/le-chainous.fr\/?page_id=627"},"modified":"2024-01-05T17:15:50","modified_gmt":"2024-01-05T16:15:50","slug":"elementor-627","status":"publish","type":"page","link":"https:\/\/le-chainous.fr\/index.php\/elementor-627\/","title":{"rendered":"Mentions l\u00e9gales"},"content":{"rendered":"\t\t<div data-elementor-type=\"wp-page\" data-elementor-id=\"627\" class=\"elementor elementor-627\">\n\t\t\t\t<div class=\"elementor-element elementor-element-86f22e7 e-flex e-con-boxed e-con e-parent\" data-id=\"86f22e7\" data-element_type=\"container\" data-e-type=\"container\">\n\t\t\t\t\t<div class=\"e-con-inner\">\n\t\t\t\t<div class=\"elementor-element elementor-element-7179b96 elementor-widget elementor-widget-text-editor\" data-id=\"7179b96\" data-element_type=\"widget\" data-e-type=\"widget\" data-widget_type=\"text-editor.default\">\n\t\t\t\t<div class=\"elementor-widget-container\">\n\t\t\t\t\t\t\t\t\t<p style=\"margin-bottom: 0cm;\" align=\"JUSTIFY\"><span style=\"font-family: Calibri, serif;\"><span style=\"font-size: medium;\"><b>Mentions<br \/>L\u00e9gales<\/b><\/span><\/span><\/p><p style=\"margin-bottom: 0cm;\" align=\"JUSTIFY\">\u00a0<\/p><p style=\"margin-bottom: 0cm;\" align=\"JUSTIFY\"><span style=\"font-family: Calibri, serif;\">Bienvenue<br \/>sur le site accessible \u00e0 l\u2019adresse https:\/\/le-chainous.fr<\/span><\/p><p style=\"margin-bottom: 0cm;\" align=\"JUSTIFY\">\u00a0<\/p><p style=\"margin-bottom: 0cm;\" align=\"JUSTIFY\"><span style=\"font-family: Calibri, serif;\"><b>1\/<br \/>Editeur<\/b><\/span><\/p><p style=\"margin-bottom: 0cm;\" align=\"JUSTIFY\">\u00a0<\/p><p style=\"margin-bottom: 0cm; line-height: 100%;\" align=\"JUSTIFY\"><span style=\"font-family: Calibri, serif;\"><span style=\"font-size: medium;\"><i><b>CHENAF<br \/>Curtis,<\/b><\/i><\/span><\/span><span style=\"font-family: Calibri, serif;\"><span style=\"font-size: medium;\"><br \/>r\u00e9sidant 11 rue de la renney 33290 blanquefort<\/span><\/span><span style=\"font-family: Calibri, serif;\"><span style=\"font-size: medium;\"><i><b>,<\/b><\/i><\/span><\/span><span style=\"font-family: Calibri, serif;\"><span style=\"font-size: medium;\"><br \/>de nationalit\u00e9 fran\u00e7aise<\/span><\/span><span style=\"font-family: Calibri, serif;\"><span style=\"font-size: medium;\"><i><b>,<\/b><\/i><\/span><\/span><span style=\"font-family: Calibri, serif;\"><span style=\"font-size: medium;\"><br \/>n\u00e9(e) le 11 mars 2003<\/span><\/span><span style=\"font-family: Calibri, serif;\"><span style=\"font-size: medium;\"><i><b>,<br \/><\/b><\/i><\/span><\/span><\/p><p style=\"margin-bottom: 0cm;\" align=\"JUSTIFY\">\u00a0<\/p><p style=\"margin-bottom: 0cm;\" align=\"JUSTIFY\">\u00a0<\/p><p style=\"margin-bottom: 0cm;\" align=\"JUSTIFY\"><span style=\"font-family: Calibri, serif;\"><b>2\/<br \/>Directeur de publication<\/b><\/span><\/p><p style=\"margin-bottom: 0cm;\" align=\"JUSTIFY\">\u00a0<\/p><p style=\"margin-bottom: 0cm;\" align=\"JUSTIFY\"><span style=\"font-family: Calibri, serif;\">Le<br \/>directeur de publication du Site est <\/span><span style=\"font-family: Calibri, serif;\"><span style=\"font-size: medium;\"><i><b>CHENAF<br \/>Curtis <\/b><\/i><\/span><\/span><\/p><p style=\"margin-bottom: 0cm;\" align=\"JUSTIFY\"><span style=\"font-family: Calibri, serif;\">Adresse<br \/>\u00e9lectronique : <\/span><span style=\"font-family: Calibri, serif;\"><i><b>curtischenaf@le-chainous,fr<\/b><\/i><\/span><\/p><p style=\"margin-bottom: 0cm;\" align=\"JUSTIFY\"><span style=\"font-family: Calibri, serif;\">Num\u00e9ro<br \/>de t\u00e9l\u00e9phone :<span style=\"color: #000000;\">\u00a0<\/span><\/span><span style=\"color: #000000; font-family: Bahnschrift, sans-serif; font-weight: var( --e-global-typography-text-font-weight ); text-align: var(--text-align);\">07.66.04.71.71<\/span><\/p><p style=\"margin-bottom: 0cm;\" align=\"JUSTIFY\">\u00a0<\/p><p style=\"margin-bottom: 0cm;\" align=\"JUSTIFY\"><span style=\"font-family: Calibri, serif;\"><b>3\/<br \/>H\u00e9bergement<\/b><\/span><\/p><p style=\"margin-bottom: 0cm;\" align=\"JUSTIFY\">\u00a0<\/p><p style=\"margin-bottom: 0cm;\" align=\"JUSTIFY\"><span style=\"font-family: Calibri, serif;\">Le<br \/>Site est h\u00e9berg\u00e9 par :<\/span><\/p><p style=\"margin-bottom: 0cm;\" align=\"JUSTIFY\"><span style=\"font-family: Calibri, serif;\">&#8211;<br \/>Soci\u00e9t\u00e9 : <\/span><span style=\"font-family: Calibri, serif;\"><i><b>WORDPRESS<\/b><\/i><\/span><\/p><p style=\"margin-bottom: 0cm;\" align=\"JUSTIFY\"><span style=\"font-family: Calibri, serif;\">&#8211;<br \/>Si\u00e8ge : <\/span><span style=\"font-family: Calibri, serif;\"><i><b>XXX<\/b><\/i><\/span><\/p><p style=\"margin-bottom: 0cm;\" align=\"JUSTIFY\"><span style=\"font-family: Calibri, serif;\">&#8211;<br \/>T\u00e9l\u00e9phone \/ Mail : <\/span><span style=\"color: #000000;\"><span style=\"font-family: Open Sans Regular, Arial, sans-serif;\"><span style=\"font-size: 10pt;\">0970<br \/>808 911<\/span><\/span><\/span><span style=\"color: #000000;\"><span style=\"font-family: Calibri, serif;\"><i><b><br \/><\/b><\/i><\/span><\/span><\/p><p style=\"margin-bottom: 0cm;\" align=\"JUSTIFY\">\u00a0<\/p><p style=\"margin-bottom: 0cm;\" align=\"JUSTIFY\"><span style=\"font-family: Calibri, serif;\"><b>4\/<br \/>Conditions d\u2019utilisation des Sites<\/b><\/span><\/p><p style=\"margin-bottom: 0cm;\" align=\"JUSTIFY\">\u00a0<\/p><p style=\"margin-bottom: 0cm;\" align=\"JUSTIFY\"><span style=\"font-family: Calibri, serif;\"><b>Propri\u00e9t\u00e9<br \/>intellectuelle<\/b><\/span><\/p><p style=\"margin-bottom: 0cm;\" align=\"JUSTIFY\">\u00a0<\/p><p style=\"margin-bottom: 0cm;\" align=\"JUSTIFY\"><span style=\"font-family: Calibri, serif;\">L\u2019Editeur<br \/>est titulaire de droits de propri\u00e9t\u00e9 intellectuelle sur l\u2019ensemble<br \/>des contenus de son site internet. Cela signifie que les utilisateurs<br \/>du Site ne peuvent t\u00e9l\u00e9charger ou copier-coller les contenus<br \/>prot\u00e9g\u00e9s par des droits de propri\u00e9t\u00e9 intellectuelle, \u00e0 moins que<br \/>cela ne soit express\u00e9ment autoris\u00e9 par la loi ou sur autorisation<br \/>pr\u00e9alable de l\u2019Editeur.<\/span><\/p><p style=\"margin-bottom: 0cm;\" align=\"JUSTIFY\"><span style=\"font-family: Calibri, serif;\">En<br \/>effet, le contenu du Site est la propri\u00e9t\u00e9 exclusive de l\u2019Editeur,<br \/>sous r\u00e9serve des \u00e9ventuels droits de ses partenaires ou<br \/>cocontractants, et est prot\u00e9g\u00e9 par les lois relatives \u00e0 la<br \/>propri\u00e9t\u00e9 intellectuelle. Toute reproduction totale ou partielle<br \/>est formellement interdite sous peine de poursuites.<\/span><\/p><p style=\"margin-bottom: 0cm;\" align=\"JUSTIFY\"><span style=\"font-family: Calibri, serif;\">A<br \/>ce titre, les \u00e9l\u00e9ments du Site, pris dans leur ensemble ou<br \/>individuellement, ne peuvent faire l\u2019objet d\u2019aucune utilisation,<br \/>transformation, traduction, adaptation, reproduction, exploitation<br \/>non express\u00e9ment autoris\u00e9e par l\u2019Editeur.<\/span><\/p><p style=\"margin-bottom: 0cm;\" align=\"JUSTIFY\"><span style=\"font-family: Calibri, serif;\">Toute<br \/>violation pourra \u00eatre sanctionn\u00e9 au titre de la contrefa\u00e7on dans<br \/>les conditions du code de la propri\u00e9t\u00e9 intellectuelle.<\/span><\/p><p style=\"margin-bottom: 0cm;\" align=\"JUSTIFY\"><span style=\"font-family: Calibri, serif;\">Il<br \/>en est de m\u00eame, s\u2019il y a lieu, des bases de donn\u00e9es figurant sur<br \/>le Site, qui sont prot\u00e9g\u00e9es en tant que telles par la loi au titre<br \/>du droit des producteurs de bases de donn\u00e9es.<\/span><\/p><p style=\"margin-bottom: 0cm;\" align=\"JUSTIFY\">\u00a0<\/p><p style=\"margin-bottom: 0cm;\" align=\"JUSTIFY\"><span style=\"font-family: Calibri, serif;\"><b>Liens<br \/>hypertextes<\/b><\/span><\/p><p style=\"margin-bottom: 0cm;\" align=\"JUSTIFY\">\u00a0<\/p><p style=\"margin-bottom: 0cm;\" align=\"JUSTIFY\"><span style=\"font-family: Calibri, serif;\">Le<br \/>Site est susceptible de diriger l\u2019utilisateur via des liens<br \/>hypertextes vers d\u2019autres sites internet du m\u00eame Editeur ou de<br \/>tiers.<\/span><\/p><p style=\"margin-bottom: 0cm;\" align=\"JUSTIFY\"><span style=\"font-family: Calibri, serif;\">Il<br \/>appartient \u00e0 l\u2019Utilisateur de consulter les mentions l\u00e9gales de<br \/>ces sites et de respecter leurs \u00e9ventuelles conditions<br \/>d\u2019utilisation.<\/span><\/p><p style=\"margin-bottom: 0cm;\" align=\"JUSTIFY\"><span style=\"font-family: Calibri, serif;\">L\u2019Editeur<br \/>ne pourra en aucun cas \u00eatre tenu pour responsable des informations<br \/>diffus\u00e9es sur les sites avec lesquels des liens hypertextes auront<br \/>\u00e9t\u00e9 install\u00e9s ainsi que de tous pr\u00e9judices de quelque nature que<br \/>ce soit r\u00e9sultant notamment de leur acc\u00e8s.<\/span><\/p><p style=\"margin-bottom: 0cm;\" align=\"JUSTIFY\"><span style=\"font-family: Calibri, serif;\">Si<br \/>une personne dirige ses utilisateurs vers le pr\u00e9sent site internet,<br \/>l\u2019Editeur se r\u00e9serve la possibilit\u00e9 de demander la suppression du<br \/>lien hypertexte pointant vers ce site s\u2019il estime que ce lien n\u2019est<br \/>pas conforme \u00e0 ses droits et int\u00e9r\u00eats l\u00e9gitimes.<\/span><\/p><p style=\"margin-bottom: 0cm;\" align=\"JUSTIFY\">\u00a0<\/p><p style=\"margin-bottom: 0cm;\" align=\"JUSTIFY\"><span style=\"font-family: Calibri, serif;\">Vous<br \/>pouvez consulter notre politique de confidentialit\u00e9 et nos<br \/>conditions g\u00e9n\u00e9rales de vente pour de plus amples informations.<\/span><\/p><p style=\"margin-bottom: 0cm;\" align=\"JUSTIFY\">\u00a0<\/p>\t\t\t\t\t\t\t\t<\/div>\n\t\t\t\t<\/div>\n\t\t\t\t\t<\/div>\n\t\t\t\t<\/div>\n\t\t\t\t<\/div>\n\t\t","protected":false},"excerpt":{"rendered":"<p>MentionsL\u00e9gales Bienvenuesur le site accessible \u00e0 l\u2019adresse https:\/\/le-chainous.fr 1\/Editeur CHENAFCurtis,r\u00e9sidant 11 rue de la renney 33290 blanquefort,de nationalit\u00e9 fran\u00e7aise,n\u00e9(e) le 11 mars 2003, 2\/Directeur de publication Ledirecteur de publication du Site est CHENAFCurtis Adresse\u00e9lectronique : curtischenaf@le-chainous,fr Num\u00e9rode t\u00e9l\u00e9phone :\u00a007.66.04.71.71 3\/H\u00e9bergement&#8230; <\/p>\n<div class=\"readmore-section\"><a class=\"readmore-btn\" href=\"https:\/\/le-chainous.fr\/index.php\/elementor-627\/\">Continue reading <i class=\"fa fa-arrow-right\"><\/i><\/a><\/div>\n","protected":false},"author":1,"featured_media":0,"parent":0,"menu_order":0,"comment_status":"closed","ping_status":"closed","template":"","meta":{"footnotes":""},"class_list":["post-627","page","type-page","status-publish","hentry"],"_links":{"self":[{"href":"https:\/\/le-chainous.fr\/index.php\/wp-json\/wp\/v2\/pages\/627","targetHints":{"allow":["GET"]}}],"collection":[{"href":"https:\/\/le-chainous.fr\/index.php\/wp-json\/wp\/v2\/pages"}],"about":[{"href":"https:\/\/le-chainous.fr\/index.php\/wp-json\/wp\/v2\/types\/page"}],"author":[{"embeddable":true,"href":"https:\/\/le-chainous.fr\/index.php\/wp-json\/wp\/v2\/users\/1"}],"replies":[{"embeddable":true,"href":"https:\/\/le-chainous.fr\/index.php\/wp-json\/wp\/v2\/comments?post=627"}],"version-history":[{"count":5,"href":"https:\/\/le-chainous.fr\/index.php\/wp-json\/wp\/v2\/pages\/627\/revisions"}],"predecessor-version":[{"id":632,"href":"https:\/\/le-chainous.fr\/index.php\/wp-json\/wp\/v2\/pages\/627\/revisions\/632"}],"wp:attachment":[{"href":"https:\/\/le-chainous.fr\/index.php\/wp-json\/wp\/v2\/media?parent=627"}],"curies":[{"name":"wp","href":"https:\/\/api.w.org\/{rel}","templated":true}]}}